{"id":187,"date":"2019-10-04T12:40:40","date_gmt":"2019-10-04T12:40:40","guid":{"rendered":"http:\/\/profatec.es\/web\/?page_id=187"},"modified":"2025-12-11T14:43:02","modified_gmt":"2025-12-11T13:43:02","slug":"empresa","status":"publish","type":"page","link":"https:\/\/profatec.es\/web\/empresa\/","title":{"rendered":"Profatec S.L. \u2013 Fabricaci\u00f3n T\u00e9cnica y Mantenimiento de Equipos de Aviaci\u00f3n"},"content":{"rendered":"\n<p>Profatec S.L. ofrece proyectos, fabricaci\u00f3n t\u00e9cnica y mantenimiento integral de equipos y veh\u00edculos de asistencia aeroportuaria en aeropuertos y aer\u00f3dromos de Espa\u00f1a, garantizando seguridad y cumplimiento normativo.<\/p>\n\n\n\n<h1 class=\"wp-block-heading\"><strong>Profatec S.L. \u2013 Proyectos y Fabricaci\u00f3n T\u00e9cnica en Aviaci\u00f3n<\/strong><\/h1>\n\n\n\n<p>Profatec, Proyectos y Fabricaci\u00f3n T\u00e9cnica, es una empresa l\u00edder en <strong>fabricaci\u00f3n, mantenimiento y desarrollo de proyectos para la aviaci\u00f3n<\/strong>. Con amplia experiencia en asistencia aeroportuaria, Profatec proporciona soluciones t\u00e9cnicas especializadas para <strong>aeropuertos y aer\u00f3dromos espa\u00f1oles<\/strong>.<\/p>\n\n\n\n<hr class=\"wp-block-separator has-alpha-channel-opacity\"\/>\n\n\n\n<h2 class=\"wp-block-heading\"><strong>Nuestra infraestructura y capacidades<\/strong><\/h2>\n\n\n\n<ul class=\"wp-block-list\">\n<li><strong>Veh\u00edculos-taller industriales propios<\/strong>: permiten realizar mantenimiento, calibraci\u00f3n y reparaciones directamente en aeropuertos y aer\u00f3dromos, asegurando eficiencia y rapidez.<\/li>\n\n\n\n<li><strong>Dos Naves industriales que suman m\u00e1s de 1.500 m\u00b2<\/strong> equipada con tecnolog\u00eda avanzada, destinada a la fabricaci\u00f3n t\u00e9cnica y mantenimiento integral de equipos para aviaci\u00f3n.<\/li>\n\n\n\n<li><strong>Tres Oficinas Comerciales<\/strong> y de Administraci\u00f3n, situadas en Madrid.<\/li>\n<\/ul>\n\n\n\n<hr class=\"wp-block-separator has-alpha-channel-opacity\"\/>\n\n\n\n<h2 class=\"wp-block-heading\"><strong>Servicios Profesionales de Aviaci\u00f3n<\/strong><\/h2>\n\n\n\n<p>Profatec ofrece un <strong>portafolio completo de servicios<\/strong> especializados para el sector de aviaci\u00f3n:<\/p>\n\n\n\n<h3 class=\"wp-block-heading\"><strong>Proyectos y Desarrollo<\/strong><\/h3>\n\n\n\n<ul class=\"wp-block-list\">\n<li>Dise\u00f1o y ejecuci\u00f3n de proyectos de asistencia aeroportuaria.<\/li>\n\n\n\n<li>Ingenier\u00eda y optimizaci\u00f3n de <strong>instalaciones fijas de combustible de aviaci\u00f3n<\/strong>.<\/li>\n\n\n\n<li><a href=\"https:\/\/profatec.es\/web\/instalaciones-fijas\/\" title=\"\">Saber mas&#8230;<\/a><\/li>\n<\/ul>\n\n\n\n<ul class=\"wp-block-list\">\n<li>Dise\u00f1o y ejecuci\u00f3n de proyectos de asistencia aeroportuaria.<\/li>\n\n\n\n<li>Ingenier\u00eda y optimizaci\u00f3n de <strong>instalaciones m\u00f3viles de combustible de aviaci\u00f3n<\/strong>.<\/li>\n\n\n\n<li><a href=\"https:\/\/profatec.es\/web\/equipos-moviles\/\" title=\"\">Saber mas&#8230;<\/a><\/li>\n<\/ul>\n\n\n\n<h3 class=\"wp-block-heading\"><strong>Fabricaci\u00f3n T\u00e9cnica<\/strong><\/h3>\n\n\n\n<ul class=\"wp-block-list\">\n<li>Producci\u00f3n de <strong>equipos de repostaje, unidades dispenser y veh\u00edculos de asistencia aeroportuaria<\/strong>.<\/li>\n\n\n\n<li>Fabricaci\u00f3n de <strong>soluciones a medida<\/strong> cumpliendo la normativa vigente.<\/li>\n<\/ul>\n\n\n\n<h3 class=\"wp-block-heading\"><strong>Mantenimiento Integral<\/strong><\/h3>\n\n\n\n<ul class=\"wp-block-list\">\n<li>Mantenimiento preventivo y correctivo de instalaciones y veh\u00edculos de asistencia aeroportuaria.<\/li>\n\n\n\n<li>Reparaci\u00f3n y calibraci\u00f3n de unidades repostadoras y equipos cr\u00edticos para aviaci\u00f3n.<\/li>\n<\/ul>\n\n\n\n<h3 class=\"wp-block-heading\"><strong>Calibraci\u00f3n y Cumplimiento Normativo<\/strong><\/h3>\n\n\n\n<ul class=\"wp-block-list\">\n<li>Calibraci\u00f3n de equipos de repostaje y almacenamiento de combustible.<\/li>\n\n\n\n<li>Inspecciones peri\u00f3dicas seg\u00fan la legislaci\u00f3n vigente.<\/li>\n\n\n\n<li>Garant\u00eda de seguridad y eficiencia operativa en todas las instalaciones.<\/li>\n<\/ul>\n\n\n\n<hr class=\"wp-block-separator has-alpha-channel-opacity\"\/>\n\n\n\n<h2 class=\"wp-block-heading\"><strong>Presencia en Aeropuertos y Aer\u00f3dromos Espa\u00f1oles<\/strong><\/h2>\n\n\n\n<p>Profatec est\u00e1 presente en la <strong>mayor\u00eda de aeropuertos y aer\u00f3dromos de Espa\u00f1a<\/strong>, ofreciendo un servicio cercano, confiable y adaptado a cada necesidad operativa del sector aeron\u00e1utico.<\/p>\n\n\n\n<hr class=\"wp-block-separator has-alpha-channel-opacity\"\/>\n\n\n\n<h2 class=\"wp-block-heading\"><strong>Certificados<\/strong><\/h2>\n\n\n\n<p>Profatec estamos comprometidos con la <strong>Calidad<\/strong>, <strong>el Medio Ambiente y la Seguridad Laboral<\/strong> y por ello que tenemos las certificaciones necesarias para el desarrollo de nuestra actividad.<\/p>\n\n\n\n<p><a href=\"https:\/\/profatec.es\/web\/certificaciones\/\" title=\"\">Saber mas&#8230;<\/a><\/p>\n\n\n\n<hr class=\"wp-block-separator has-alpha-channel-opacity\"\/>\n\n\n\n<h2 class=\"wp-block-heading\"><strong>Por qu\u00e9 elegir Profatec<\/strong><\/h2>\n\n\n\n<ul class=\"wp-block-list\">\n<li>Personal altamente cualificado y especializado en <strong>mantenimiento y fabricaci\u00f3n t\u00e9cnica para aviaci\u00f3n<\/strong>.<\/li>\n\n\n\n<li>Equipamiento moderno y tecnolog\u00eda de \u00faltima generaci\u00f3n.<\/li>\n\n\n\n<li>Compromiso con la <strong>seguridad, eficiencia y cumplimiento normativo<\/strong> en todos los proyectos.<\/li>\n<\/ul>\n","protected":false},"excerpt":{"rendered":"<p>Profatec S.L. ofrece proyectos, fabricaci\u00f3n t\u00e9cnica y mantenimiento integral de equipos y veh\u00edculos de asistencia aeroportuaria en aeropuertos y aer\u00f3dromos de Espa\u00f1a, garantizando seguridad y cumplimiento normativo. Profatec S.L. \u2013 Proyectos y Fabricaci\u00f3n T\u00e9cnica en Aviaci\u00f3n Profatec, Proyectos y Fabricaci\u00f3n T\u00e9cnica, es una empresa l\u00edder en fabricaci\u00f3n, mantenimiento y desarrollo de proyectos para la aviaci\u00f3n. &hellip; <\/p>\n<p class=\"link-more\"><a href=\"https:\/\/profatec.es\/web\/empresa\/\" class=\"more-link\">Continuar leyendo<span class=\"screen-reader-text\"> \u00abProfatec S.L. \u2013 Fabricaci\u00f3n T\u00e9cnica y Mantenimiento de Equipos de Aviaci\u00f3n\u00bb<\/span><\/a><\/p>\n","protected":false},"author":1,"featured_media":101,"parent":0,"menu_order":0,"comment_status":"closed","ping_status":"closed","template":"","meta":{"footnotes":""},"class_list":["post-187","page","type-page","status-publish","has-post-thumbnail","hentry"],"aioseo_notices":[],"_links":{"self":[{"href":"https:\/\/profatec.es\/web\/wp-json\/wp\/v2\/pages\/187","targetHints":{"allow":["GET"]}}],"collection":[{"href":"https:\/\/profatec.es\/web\/wp-json\/wp\/v2\/pages"}],"about":[{"href":"https:\/\/profatec.es\/web\/wp-json\/wp\/v2\/types\/page"}],"author":[{"embeddable":true,"href":"https:\/\/profatec.es\/web\/wp-json\/wp\/v2\/users\/1"}],"replies":[{"embeddable":true,"href":"https:\/\/profatec.es\/web\/wp-json\/wp\/v2\/comments?post=187"}],"version-history":[{"count":11,"href":"https:\/\/profatec.es\/web\/wp-json\/wp\/v2\/pages\/187\/revisions"}],"predecessor-version":[{"id":398,"href":"https:\/\/profatec.es\/web\/wp-json\/wp\/v2\/pages\/187\/revisions\/398"}],"wp:featuredmedia":[{"embeddable":true,"href":"https:\/\/profatec.es\/web\/wp-json\/wp\/v2\/media\/101"}],"wp:attachment":[{"href":"https:\/\/profatec.es\/web\/wp-json\/wp\/v2\/media?parent=187"}],"curies":[{"name":"wp","href":"https:\/\/api.w.org\/{rel}","templated":true}]}}